{"id":1142,"date":"2020-07-29T16:46:26","date_gmt":"2020-07-29T14:46:26","guid":{"rendered":"https:\/\/irisgarcia.es\/?page_id=1142"},"modified":"2020-09-18T12:16:45","modified_gmt":"2020-09-18T10:16:45","slug":"coaching","status":"publish","type":"page","link":"https:\/\/irisgarcia.es\/index.php\/coaching\/","title":{"rendered":"Coaching"},"content":{"rendered":"\t\t<div data-elementor-type=\"wp-page\" data-elementor-id=\"1142\" class=\"elementor elementor-1142\">\n\t\t\t\t\t\t<section class=\"elementor-section elementor-top-section elementor-element elementor-element-ee81b6d elementor-section-boxed elementor-section-height-default elementor-section-height-default\" data-id=\"ee81b6d\" data-element_type=\"section\">\n\t\t\t\t\t\t<div class=\"elementor-container elementor-column-gap-default\">\n\t\t\t\t\t<div class=\"elementor-column elementor-col-100 elementor-top-column elementor-element elementor-element-d503a0f\" data-id=\"d503a0f\" data-element_type=\"column\">\n\t\t\t<div class=\"elementor-widget-wrap elementor-element-populated\">\n\t\t\t\t\t\t<div class=\"elementor-element elementor-element-0dc8486 elementor-widget elementor-widget-image\" data-id=\"0dc8486\" data-element_type=\"widget\" data-widget_type=\"image.default\">\n\t\t\t\t<div class=\"elementor-widget-container\">\n\t\t\t\t\t\t\t\t\t\t\t\t\t\t\t<img fetchpriority=\"high\" decoding=\"async\" width=\"1024\" height=\"683\" src=\"https:\/\/irisgarcia.es\/wp-content\/uploads\/2020\/07\/2-women-sitting-on-brown-wooden-chair-4101137-1024x683.jpg\" class=\"attachment-large size-large wp-image-1170\" alt=\"\" srcset=\"https:\/\/irisgarcia.es\/wp-content\/uploads\/2020\/07\/2-women-sitting-on-brown-wooden-chair-4101137-1024x683.jpg 1024w, https:\/\/irisgarcia.es\/wp-content\/uploads\/2020\/07\/2-women-sitting-on-brown-wooden-chair-4101137-300x200.jpg 300w, https:\/\/irisgarcia.es\/wp-content\/uploads\/2020\/07\/2-women-sitting-on-brown-wooden-chair-4101137-768x512.jpg 768w, https:\/\/irisgarcia.es\/wp-content\/uploads\/2020\/07\/2-women-sitting-on-brown-wooden-chair-4101137-1536x1024.jpg 1536w, https:\/\/irisgarcia.es\/wp-content\/uploads\/2020\/07\/2-women-sitting-on-brown-wooden-chair-4101137-2048x1365.jpg 2048w\" sizes=\"(max-width: 1024px) 100vw, 1024px\" \/>\t\t\t\t\t\t\t\t\t\t\t\t\t\t\t<\/div>\n\t\t\t\t<\/div>\n\t\t\t\t\t<\/div>\n\t\t<\/div>\n\t\t\t\t\t<\/div>\n\t\t<\/section>\n\t\t\t\t<section class=\"elementor-section elementor-top-section elementor-element elementor-element-652a8869 elementor-section-boxed elementor-section-height-default elementor-section-height-default\" data-id=\"652a8869\" data-element_type=\"section\">\n\t\t\t\t\t\t<div class=\"elementor-container elementor-column-gap-default\">\n\t\t\t\t\t<div class=\"elementor-column elementor-col-100 elementor-top-column elementor-element elementor-element-7ad3e818\" data-id=\"7ad3e818\" data-element_type=\"column\">\n\t\t\t<div class=\"elementor-widget-wrap elementor-element-populated\">\n\t\t\t\t\t\t<div class=\"elementor-element elementor-element-2c151bc7 elementor-widget elementor-widget-text-editor\" data-id=\"2c151bc7\" data-element_type=\"widget\" data-widget_type=\"text-editor.default\">\n\t\t\t\t<div class=\"elementor-widget-container\">\n\t\t\t\t\t\t\t\t\t\n<p style=\"text-align: center;\">Los procesos de coaching tienen un <span style=\"text-decoration: underline;\">car\u00e1cter\u00a0pr\u00e1ctico<\/span>. Se centran en establecer objetivos que la persona quiera lograr\u00a0y en generar <span style=\"text-decoration: underline;\">cambios profundos, estables y eficaces<\/span> que ayuden\u00a0alcanzarlos.\u00a0\u00a0<\/p>\n\n<p style=\"text-align: center;\">En todo momento, el coach acompa\u00f1a\u00a0al cliente durante el proceso\u00a0facilitando la eliminaci\u00f3n o cambio de\u00a0aquellas\u00a0creencias\u00a0limitantes y patrones de conducta\u00a0que est\u00e1n dificultando la consecuci\u00f3n de sus objetivos.\u00a0\u00a0<\/p>\n\n<p style=\"text-align: center;\">El coaching es fundamentalmente un <span style=\"text-decoration: underline;\">proceso de crecimiento y desarrollo personal<\/span> indicado para aquellas personas\u00a0que buscan un cambio en su vida.\u00a0\u00a0<\/p>\n\n<p style=\"text-align: center;\">Es una herramienta \u00fatil para trabajar aspectos como:\u00a0<\/p>\n\n<p style=\"text-align: center;\">Bloqueos\u00a0\u00a0<\/p>\n<p style=\"text-align: center;\">Autoestima\u00a0<\/p>\n<p style=\"text-align: center;\">Habilidades sociales\u00a0<\/p>\n<p style=\"text-align: center;\">Objetivos profesionales\u00a0<\/p>\n<p style=\"text-align: center;\">Gesti\u00f3n del tiempo\u00a0<\/p>\n<p style=\"text-align: center;\">Toma de decisiones\u00a0<\/p>\n<p style=\"text-align: center;\">Motivaci\u00f3n\u00a0<\/p>\n\n<p style=\"text-align: center;\"><strong>Si tienes ganas de iniciar un proceso de cambio, contacta conmigo y empezaremos a trabajar en equipo<\/strong>. Elaboraremos un <span style=\"text-decoration: underline;\">plan de acci\u00f3n personalizado<\/span> y adaptado a tus necesidades que te ayude a alcanzar todos tus objetivos.\u00a0\u00a0<\/p>\n\t\t\t\t\t\t\t\t<\/div>\n\t\t\t\t<\/div>\n\t\t\t\t\t<\/div>\n\t\t<\/div>\n\t\t\t\t\t<\/div>\n\t\t<\/section>\n\t\t\t\t<\/div>\n\t\t","protected":false},"excerpt":{"rendered":"<p>Los procesos de coaching tienen un car\u00e1cter&nbsp;pr\u00e1ctico. Se centran en establecer objetivos que la persona quiera lograr&nbsp;y en generar cambios profundos, estables y eficaces que ayuden&nbsp;alcanzarlos.&nbsp;&nbsp; En todo momento, el coach acompa\u00f1a&nbsp;al cliente durante el proceso&nbsp;facilitando la eliminaci\u00f3n o cambio de&nbsp;aquellas&nbsp;creencias&nbsp;limitantes y patrones de conducta&nbsp;que est\u00e1n dificultando la consecuci\u00f3n de sus objetivos.&nbsp;&nbsp; El coaching es [&hellip;]<\/p>\n","protected":false},"author":2,"featured_media":0,"parent":0,"menu_order":0,"comment_status":"closed","ping_status":"closed","template":"elementor_header_footer","meta":{"site-sidebar-layout":"default","site-content-layout":"default","ast-site-content-layout":"","site-content-style":"default","site-sidebar-style":"default","ast-global-header-display":"","ast-banner-title-visibility":"","ast-main-header-display":"","ast-hfb-above-header-display":"","ast-hfb-below-header-display":"","ast-hfb-mobile-header-display":"","site-post-title":"","ast-breadcrumbs-content":"","ast-featured-img":"","footer-sml-layout":"","theme-transparent-header-meta":"default","adv-header-id-meta":"","stick-header-meta":"","header-above-stick-meta":"","header-main-stick-meta":"","header-below-stick-meta":"","astra-migrate-meta-layouts":"default","ast-page-background-enabled":"default","ast-page-background-meta":{"desktop":{"background-color":"","background-image":"","background-repeat":"repeat","background-position":"center center","background-size":"auto","background-attachment":"scroll","background-type":"","background-media":"","overlay-type":"","overlay-color":"","overlay-opacity":"","overlay-gradient":""},"tablet":{"background-color":"","background-image":"","background-repeat":"repeat","background-position":"center center","background-size":"auto","background-attachment":"scroll","background-type":"","background-media":"","overlay-type":"","overlay-color":"","overlay-opacity":"","overlay-gradient":""},"mobile":{"background-color":"","background-image":"","background-repeat":"repeat","background-position":"center center","background-size":"auto","background-attachment":"scroll","background-type":"","background-media":"","overlay-type":"","overlay-color":"","overlay-opacity":"","overlay-gradient":""}},"ast-content-background-meta":{"desktop":{"background-color":"var(--ast-global-color-5)","background-image":"","background-repeat":"repeat","background-position":"center center","background-size":"auto","background-attachment":"scroll","background-type":"","background-media":"","overlay-type":"","overlay-color":"","overlay-opacity":"","overlay-gradient":""},"tablet":{"background-color":"var(--ast-global-color-5)","background-image":"","background-repeat":"repeat","background-position":"center center","background-size":"auto","background-attachment":"scroll","background-type":"","background-media":"","overlay-type":"","overlay-color":"","overlay-opacity":"","overlay-gradient":""},"mobile":{"background-color":"var(--ast-global-color-5)","background-image":"","background-repeat":"repeat","background-position":"center center","background-size":"auto","background-attachment":"scroll","background-type":"","background-media":"","overlay-type":"","overlay-color":"","overlay-opacity":"","overlay-gradient":""}},"footnotes":""},"_links":{"self":[{"href":"https:\/\/irisgarcia.es\/index.php\/wp-json\/wp\/v2\/pages\/1142"}],"collection":[{"href":"https:\/\/irisgarcia.es\/index.php\/wp-json\/wp\/v2\/pages"}],"about":[{"href":"https:\/\/irisgarcia.es\/index.php\/wp-json\/wp\/v2\/types\/page"}],"author":[{"embeddable":true,"href":"https:\/\/irisgarcia.es\/index.php\/wp-json\/wp\/v2\/users\/2"}],"replies":[{"embeddable":true,"href":"https:\/\/irisgarcia.es\/index.php\/wp-json\/wp\/v2\/comments?post=1142"}],"version-history":[{"count":4,"href":"https:\/\/irisgarcia.es\/index.php\/wp-json\/wp\/v2\/pages\/1142\/revisions"}],"predecessor-version":[{"id":1209,"href":"https:\/\/irisgarcia.es\/index.php\/wp-json\/wp\/v2\/pages\/1142\/revisions\/1209"}],"wp:attachment":[{"href":"https:\/\/irisgarcia.es\/index.php\/wp-json\/wp\/v2\/media?parent=1142"}],"curies":[{"name":"wp","href":"https:\/\/api.w.org\/{rel}","templated":true}]}}